{"id":513,"date":"2024-02-26T16:46:02","date_gmt":"2024-02-26T15:46:02","guid":{"rendered":"https:\/\/fcflenu.be\/?page_id=513"},"modified":"2024-03-26T11:10:08","modified_gmt":"2024-03-26T10:10:08","slug":"histoire","status":"publish","type":"page","link":"https:\/\/fcflenu.be\/?page_id=513","title":{"rendered":"Histoire"},"content":{"rendered":"\t\t<div data-elementor-type=\"wp-page\" data-elementor-id=\"513\" class=\"elementor elementor-513\" data-elementor-post-type=\"page\">\n\t\t\t\t\t\t<section class=\"elementor-section elementor-top-section elementor-element elementor-element-1d6cfaa elementor-section-height-min-height elementor-hidden-desktop elementor-hidden-tablet elementor-section-boxed elementor-section-height-default elementor-section-items-middle\" data-id=\"1d6cfaa\" data-element_type=\"section\" data-e-type=\"section\" data-settings=\"{&quot;background_background&quot;:&quot;classic&quot;}\">\n\t\t\t\t\t\t\t<div class=\"elementor-background-overlay\"><\/div>\n\t\t\t\t\t\t\t<div class=\"elementor-container elementor-column-gap-default\">\n\t\t\t\t\t<div class=\"elementor-column elementor-col-100 elementor-top-column elementor-element elementor-element-aebd370\" data-id=\"aebd370\" data-element_type=\"column\" data-e-type=\"column\">\n\t\t\t<div class=\"elementor-widget-wrap elementor-element-populated\">\n\t\t\t\t\t\t<div class=\"elementor-element elementor-element-20b015f elementor-widget elementor-widget-heading\" data-id=\"20b015f\" data-element_type=\"widget\" data-e-type=\"widget\" data-widget_type=\"heading.default\">\n\t\t\t\t<div class=\"elementor-widget-container\">\n\t\t\t\t\t<h1 class=\"elementor-heading-title elementor-size-default\">L'histoire<\/h1>\t\t\t\t<\/div>\n\t\t\t\t<\/div>\n\t\t\t\t\t<\/div>\n\t\t<\/div>\n\t\t\t\t\t<\/div>\n\t\t<\/section>\n\t\t\t\t<section class=\"elementor-section elementor-top-section elementor-element elementor-element-a6bd7fb elementor-section-height-min-height elementor-hidden-mobile elementor-section-boxed elementor-section-height-default elementor-section-items-middle\" data-id=\"a6bd7fb\" data-element_type=\"section\" data-e-type=\"section\" data-settings=\"{&quot;background_background&quot;:&quot;classic&quot;}\">\n\t\t\t\t\t\t\t<div class=\"elementor-background-overlay\"><\/div>\n\t\t\t\t\t\t\t<div class=\"elementor-container elementor-column-gap-default\">\n\t\t\t\t\t<div class=\"elementor-column elementor-col-100 elementor-top-column elementor-element elementor-element-c2dc541\" data-id=\"c2dc541\" data-element_type=\"column\" data-e-type=\"column\">\n\t\t\t<div class=\"elementor-widget-wrap elementor-element-populated\">\n\t\t\t\t\t\t<div class=\"elementor-element elementor-element-5ec3967 elementor-widget elementor-widget-heading\" data-id=\"5ec3967\" data-element_type=\"widget\" data-e-type=\"widget\" data-widget_type=\"heading.default\">\n\t\t\t\t<div class=\"elementor-widget-container\">\n\t\t\t\t\t<h1 class=\"elementor-heading-title elementor-size-default\">L'histoire<\/h1>\t\t\t\t<\/div>\n\t\t\t\t<\/div>\n\t\t\t\t\t<\/div>\n\t\t<\/div>\n\t\t\t\t\t<\/div>\n\t\t<\/section>\n\t\t\t\t<section class=\"elementor-section elementor-top-section elementor-element elementor-element-0ff5556 elementor-section-boxed elementor-section-height-default elementor-section-height-default\" data-id=\"0ff5556\" data-element_type=\"section\" data-e-type=\"section\" data-settings=\"{&quot;background_background&quot;:&quot;classic&quot;}\">\n\t\t\t\t\t\t<div class=\"elementor-container elementor-column-gap-no\">\n\t\t\t\t\t<div class=\"elementor-column elementor-col-100 elementor-top-column elementor-element elementor-element-86a7549\" data-id=\"86a7549\" data-element_type=\"column\" data-e-type=\"column\">\n\t\t\t<div class=\"elementor-widget-wrap elementor-element-populated\">\n\t\t\t\t\t\t<div class=\"elementor-element elementor-element-0ffa62a elementor-widget elementor-widget-text-editor\" data-id=\"0ffa62a\" data-element_type=\"widget\" data-e-type=\"widget\" data-widget_type=\"text-editor.default\">\n\t\t\t\t<div class=\"elementor-widget-container\">\n\t\t\t\t\t\t\t\t\t<section class=\"r-section--principale\"><article class=\"r-article r-article-principal\"><div class=\"r-content\"><p>Depuis 2001, le <strong>FC Fl\u00e9nu<\/strong> est de retour dans le paysage footballistique montois ! Successeur du <strong>FC Fl\u00e9nu Sport<\/strong> (1944-1990), de l&rsquo;\u00e9ph\u00e9m\u00e8re <strong>Entente fl\u00e9nusienne<\/strong> (1989-1990) et de la <strong>Royale Union Jemappes-Fl\u00e9nu<\/strong> (1990-1998, dans les installations de Jemappes), le FCF a sonn\u00e9 le retour du football \u00e0 la rue des Produits sous le nom de notre village. Avec fiert\u00e9 et ambition !<\/p><p>Apr\u00e8s deux ans en P4 et quatre en P3, le FC Fl\u00e9nu atteignait la P2 en mai 2007. Il y passait treize saisons, souvent dans la colonne de gauche mais sans franchir le dernier pas qui le s\u00e9parait de l&rsquo;\u00e9lite provinciale. C&rsquo;est sous l&rsquo;\u00e9gide du nouveau pr\u00e9sident, <strong>Alessandro Bevilacqua<\/strong>, que cette \u00e9tape \u00e9tait franchie, le 10 avril 2022, au terme d&rsquo;une saison extraordinaire d\u00e9bouchant sur un titre m\u00e9rit\u00e9.<\/p><p>Fl\u00e9nu \u00e9tait de retour en P1 pour la premi\u00e8re fois depuis 1982-1983 ! Une exp\u00e9rience qui ne durera qu&rsquo;une saison, le temps de remporter le tour final, le 21 mai 2023, et de f\u00eater l&rsquo;accession du FCF en D3 ACFF. Une nouvelle aventure s&rsquo;ouvrait pour le matricule 9386.<\/p><\/div><\/article><\/section>\t\t\t\t\t\t\t\t<\/div>\n\t\t\t\t<\/div>\n\t\t\t\t<div class=\"elementor-element elementor-element-4c6b130 elementor-widget elementor-widget-heading\" data-id=\"4c6b130\" data-element_type=\"widget\" data-e-type=\"widget\" data-widget_type=\"heading.default\">\n\t\t\t\t<div class=\"elementor-widget-container\">\n\t\t\t\t\t<h1 class=\"elementor-heading-title elementor-size-default\">Galerie<\/h1>\t\t\t\t<\/div>\n\t\t\t\t<\/div>\n\t\t\t\t<div class=\"elementor-element elementor-element-4913dcf elementor-widget elementor-widget-gallery\" data-id=\"4913dcf\" data-element_type=\"widget\" data-e-type=\"widget\" data-settings=\"{&quot;columns&quot;:5,&quot;columns_tablet&quot;:3,&quot;lazyload&quot;:&quot;yes&quot;,&quot;gallery_layout&quot;:&quot;grid&quot;,&quot;columns_mobile&quot;:1,&quot;gap&quot;:{&quot;unit&quot;:&quot;px&quot;,&quot;size&quot;:10,&quot;sizes&quot;:[]},&quot;gap_tablet&quot;:{&quot;unit&quot;:&quot;px&quot;,&quot;size&quot;:10,&quot;sizes&quot;:[]},&quot;gap_mobile&quot;:{&quot;unit&quot;:&quot;px&quot;,&quot;size&quot;:10,&quot;sizes&quot;:[]},&quot;link_to&quot;:&quot;file&quot;,&quot;aspect_ratio&quot;:&quot;3:2&quot;,&quot;overlay_background&quot;:&quot;yes&quot;,&quot;content_hover_animation&quot;:&quot;fade-in&quot;}\" data-widget_type=\"gallery.default\">\n\t\t\t\t<div class=\"elementor-widget-container\">\n\t\t\t\t\t\t\t<div class=\"elementor-gallery__container\">\n\t\t\t\t\t\t\t<a class=\"e-gallery-item elementor-gallery-item elementor-animated-content\" href=\"https:\/\/fcflenu.be\/wp-content\/uploads\/2023\/12\/DSC01486-scaled.jpg\" data-elementor-open-lightbox=\"yes\" data-elementor-lightbox-slideshow=\"4913dcf\" data-elementor-lightbox-title=\"DSC01486\" data-e-action-hash=\"#elementor-action%3Aaction%3Dlightbox%26settings%3DeyJpZCI6NDMyLCJ1cmwiOiJodHRwczpcL1wvZmNmbGVudS5iZVwvd3AtY29udGVudFwvdXBsb2Fkc1wvMjAyM1wvMTJcL0RTQzAxNDg2LXNjYWxlZC5qcGciLCJzbGlkZXNob3ciOiI0OTEzZGNmIn0%3D\">\n\t\t\t\t\t<div class=\"e-gallery-image elementor-gallery-item__image\" data-thumbnail=\"https:\/\/fcflenu.be\/wp-content\/uploads\/2023\/12\/DSC01486-300x169.jpg\" data-width=\"300\" data-height=\"169\" aria-label=\"\" role=\"img\" ><\/div>\n\t\t\t\t\t\t\t\t\t\t\t<div class=\"elementor-gallery-item__overlay\"><\/div>\n\t\t\t\t\t\t\t\t\t\t\t\t\t\t<\/a>\n\t\t\t\t\t\t\t<a class=\"e-gallery-item elementor-gallery-item elementor-animated-content\" href=\"https:\/\/fcflenu.be\/wp-content\/uploads\/2023\/12\/10.jpeg\" data-elementor-open-lightbox=\"yes\" data-elementor-lightbox-slideshow=\"4913dcf\" data-elementor-lightbox-title=\"10\" data-e-action-hash=\"#elementor-action%3Aaction%3Dlightbox%26settings%3DeyJpZCI6NDIwLCJ1cmwiOiJodHRwczpcL1wvZmNmbGVudS5iZVwvd3AtY29udGVudFwvdXBsb2Fkc1wvMjAyM1wvMTJcLzEwLmpwZWciLCJzbGlkZXNob3ciOiI0OTEzZGNmIn0%3D\">\n\t\t\t\t\t<div class=\"e-gallery-image elementor-gallery-item__image\" data-thumbnail=\"https:\/\/fcflenu.be\/wp-content\/uploads\/2023\/12\/10-300x225.jpeg\" data-width=\"300\" data-height=\"225\" aria-label=\"\" role=\"img\" ><\/div>\n\t\t\t\t\t\t\t\t\t\t\t<div class=\"elementor-gallery-item__overlay\"><\/div>\n\t\t\t\t\t\t\t\t\t\t\t\t\t\t<\/a>\n\t\t\t\t\t\t\t<a class=\"e-gallery-item elementor-gallery-item elementor-animated-content\" href=\"https:\/\/fcflenu.be\/wp-content\/uploads\/2023\/12\/WhatsApp-Image-2023-11-28-a-16.31.44_0d63fbbb.jpg\" data-elementor-open-lightbox=\"yes\" data-elementor-lightbox-slideshow=\"4913dcf\" data-elementor-lightbox-title=\"WhatsApp Image 2023-11-28 \u00e0 16.31.44_0d63fbbb\" data-e-action-hash=\"#elementor-action%3Aaction%3Dlightbox%26settings%3DeyJpZCI6NDE4LCJ1cmwiOiJodHRwczpcL1wvZmNmbGVudS5iZVwvd3AtY29udGVudFwvdXBsb2Fkc1wvMjAyM1wvMTJcL1doYXRzQXBwLUltYWdlLTIwMjMtMTEtMjgtYS0xNi4zMS40NF8wZDYzZmJiYi5qcGciLCJzbGlkZXNob3ciOiI0OTEzZGNmIn0%3D\">\n\t\t\t\t\t<div class=\"e-gallery-image elementor-gallery-item__image\" data-thumbnail=\"https:\/\/fcflenu.be\/wp-content\/uploads\/2023\/12\/WhatsApp-Image-2023-11-28-a-16.31.44_0d63fbbb-300x200.jpg\" data-width=\"300\" data-height=\"200\" aria-label=\"\" role=\"img\" ><\/div>\n\t\t\t\t\t\t\t\t\t\t\t<div class=\"elementor-gallery-item__overlay\"><\/div>\n\t\t\t\t\t\t\t\t\t\t\t\t\t\t<\/a>\n\t\t\t\t\t\t\t<a class=\"e-gallery-item elementor-gallery-item elementor-animated-content\" href=\"https:\/\/fcflenu.be\/wp-content\/uploads\/2022\/03\/EQUIPE-A-pour-couv-scaled.jpg\" data-elementor-open-lightbox=\"yes\" data-elementor-lightbox-slideshow=\"4913dcf\" data-elementor-lightbox-title=\"EQUIPE A (pour couv)\" data-e-action-hash=\"#elementor-action%3Aaction%3Dlightbox%26settings%3DeyJpZCI6NTQsInVybCI6Imh0dHBzOlwvXC9mY2ZsZW51LmJlXC93cC1jb250ZW50XC91cGxvYWRzXC8yMDIyXC8wM1wvRVFVSVBFLUEtcG91ci1jb3V2LXNjYWxlZC5qcGciLCJzbGlkZXNob3ciOiI0OTEzZGNmIn0%3D\">\n\t\t\t\t\t<div class=\"e-gallery-image elementor-gallery-item__image\" data-thumbnail=\"https:\/\/fcflenu.be\/wp-content\/uploads\/2022\/03\/EQUIPE-A-pour-couv-scaled-300x200.jpg\" data-width=\"300\" data-height=\"200\" aria-label=\"\" role=\"img\" ><\/div>\n\t\t\t\t\t\t\t\t\t\t\t<div class=\"elementor-gallery-item__overlay\"><\/div>\n\t\t\t\t\t\t\t\t\t\t\t\t\t\t<\/a>\n\t\t\t\t\t\t\t<a class=\"e-gallery-item elementor-gallery-item elementor-animated-content\" href=\"https:\/\/fcflenu.be\/wp-content\/uploads\/2022\/03\/flenu-equipe-premiere.jpg\" data-elementor-open-lightbox=\"yes\" data-elementor-lightbox-slideshow=\"4913dcf\" data-elementor-lightbox-title=\"flenu-equipe-premiere\" data-e-action-hash=\"#elementor-action%3Aaction%3Dlightbox%26settings%3DeyJpZCI6MTEwLCJ1cmwiOiJodHRwczpcL1wvZmNmbGVudS5iZVwvd3AtY29udGVudFwvdXBsb2Fkc1wvMjAyMlwvMDNcL2ZsZW51LWVxdWlwZS1wcmVtaWVyZS5qcGciLCJzbGlkZXNob3ciOiI0OTEzZGNmIn0%3D\">\n\t\t\t\t\t<div class=\"e-gallery-image elementor-gallery-item__image\" data-thumbnail=\"https:\/\/fcflenu.be\/wp-content\/uploads\/2022\/03\/flenu-equipe-premiere-300x300.jpg\" data-width=\"300\" data-height=\"300\" aria-label=\"\" role=\"img\" ><\/div>\n\t\t\t\t\t\t\t\t\t\t\t<div class=\"elementor-gallery-item__overlay\"><\/div>\n\t\t\t\t\t\t\t\t\t\t\t\t\t\t<\/a>\n\t\t\t\t\t<\/div>\n\t\t\t\t\t<\/div>\n\t\t\t\t<\/div>\n\t\t\t\t<div class=\"elementor-element elementor-element-8009bae elementor-widget elementor-widget-heading\" data-id=\"8009bae\" data-element_type=\"widget\" data-e-type=\"widget\" data-widget_type=\"heading.default\">\n\t\t\t\t<div class=\"elementor-widget-container\">\n\t\t\t\t\t<h1 class=\"elementor-heading-title elementor-size-default\">Historique du logo<\/h1>\t\t\t\t<\/div>\n\t\t\t\t<\/div>\n\t\t\t\t<section class=\"elementor-section elementor-inner-section elementor-element elementor-element-cbe694a elementor-section-boxed elementor-section-height-default elementor-section-height-default\" data-id=\"cbe694a\" data-element_type=\"section\" data-e-type=\"section\">\n\t\t\t\t\t\t<div class=\"elementor-container elementor-column-gap-default\">\n\t\t\t\t\t<div class=\"elementor-column elementor-col-50 elementor-inner-column elementor-element elementor-element-1fd210b\" data-id=\"1fd210b\" data-element_type=\"column\" data-e-type=\"column\">\n\t\t\t<div class=\"elementor-widget-wrap elementor-element-populated\">\n\t\t\t\t\t\t<div class=\"elementor-element elementor-element-e42bd68 elementor-position-top elementor-widget elementor-widget-image-box\" data-id=\"e42bd68\" data-element_type=\"widget\" data-e-type=\"widget\" data-widget_type=\"image-box.default\">\n\t\t\t\t<div class=\"elementor-widget-container\">\n\t\t\t\t\t<div class=\"elementor-image-box-wrapper\"><figure class=\"elementor-image-box-img\"><img decoding=\"async\" width=\"200\" height=\"200\" src=\"https:\/\/fcflenu.be\/wp-content\/uploads\/2024\/02\/09386.jpg\" class=\"attachment-full size-full wp-image-515\" alt=\"\" srcset=\"https:\/\/fcflenu.be\/wp-content\/uploads\/2024\/02\/09386.jpg 200w, https:\/\/fcflenu.be\/wp-content\/uploads\/2024\/02\/09386-150x150.jpg 150w, https:\/\/fcflenu.be\/wp-content\/uploads\/2024\/02\/09386-128x128.jpg 128w, https:\/\/fcflenu.be\/wp-content\/uploads\/2024\/02\/09386-32x32.jpg 32w\" sizes=\"(max-width: 200px) 100vw, 200px\" \/><\/figure><div class=\"elementor-image-box-content\"><h3 class=\"elementor-image-box-title\">19XX - 20XX<\/h3><\/div><\/div>\t\t\t\t<\/div>\n\t\t\t\t<\/div>\n\t\t\t\t\t<\/div>\n\t\t<\/div>\n\t\t\t\t<div class=\"elementor-column elementor-col-50 elementor-inner-column elementor-element elementor-element-e662195\" data-id=\"e662195\" data-element_type=\"column\" data-e-type=\"column\">\n\t\t\t<div class=\"elementor-widget-wrap elementor-element-populated\">\n\t\t\t\t\t\t<div class=\"elementor-element elementor-element-445bed9 elementor-position-top elementor-widget elementor-widget-image-box\" data-id=\"445bed9\" data-element_type=\"widget\" data-e-type=\"widget\" data-widget_type=\"image-box.default\">\n\t\t\t\t<div class=\"elementor-widget-container\">\n\t\t\t\t\t<div class=\"elementor-image-box-wrapper\"><figure class=\"elementor-image-box-img\"><img fetchpriority=\"high\" decoding=\"async\" width=\"661\" height=\"661\" src=\"https:\/\/fcflenu.be\/wp-content\/uploads\/2022\/03\/FC-Flenu-1.png\" class=\"attachment-full size-full wp-image-45\" alt=\"\" srcset=\"https:\/\/fcflenu.be\/wp-content\/uploads\/2022\/03\/FC-Flenu-1.png 661w, https:\/\/fcflenu.be\/wp-content\/uploads\/2022\/03\/FC-Flenu-1-300x300.png 300w, https:\/\/fcflenu.be\/wp-content\/uploads\/2022\/03\/FC-Flenu-1-150x150.png 150w, https:\/\/fcflenu.be\/wp-content\/uploads\/2022\/03\/FC-Flenu-1-128x128.png 128w, https:\/\/fcflenu.be\/wp-content\/uploads\/2022\/03\/FC-Flenu-1-32x32.png 32w\" sizes=\"(max-width: 661px) 100vw, 661px\" \/><\/figure><div class=\"elementor-image-box-content\"><h3 class=\"elementor-image-box-title\">20XX - Pr\u00e9sent<\/h3><\/div><\/div>\t\t\t\t<\/div>\n\t\t\t\t<\/div>\n\t\t\t\t\t<\/div>\n\t\t<\/div>\n\t\t\t\t\t<\/div>\n\t\t<\/section>\n\t\t\t\t\t<\/div>\n\t\t<\/div>\n\t\t\t\t\t<\/div>\n\t\t<\/section>\n\t\t\t\t<\/div>\n\t\t","protected":false},"excerpt":{"rendered":"<p>L&rsquo;histoire L&rsquo;histoire Depuis 2001, le FC Fl\u00e9nu est de retour dans le paysage footballistique montois ! Successeur du FC Fl\u00e9nu Sport (1944-1990), de l&rsquo;\u00e9ph\u00e9m\u00e8re Entente fl\u00e9nusienne (1989-1990) et de la Royale Union Jemappes-Fl\u00e9nu (1990-1998, dans les installations de Jemappes), le FCF a sonn\u00e9 le retour du football \u00e0 la rue des Produits sous le nom [&hellip;]<\/p>\n","protected":false},"author":2,"featured_media":0,"parent":0,"menu_order":0,"comment_status":"closed","ping_status":"closed","template":"elementor_header_footer","meta":{"footnotes":""},"class_list":["post-513","page","type-page","status-publish","hentry"],"_links":{"self":[{"href":"https:\/\/fcflenu.be\/index.php?rest_route=\/wp\/v2\/pages\/513","targetHints":{"allow":["GET"]}}],"collection":[{"href":"https:\/\/fcflenu.be\/index.php?rest_route=\/wp\/v2\/pages"}],"about":[{"href":"https:\/\/fcflenu.be\/index.php?rest_route=\/wp\/v2\/types\/page"}],"author":[{"embeddable":true,"href":"https:\/\/fcflenu.be\/index.php?rest_route=\/wp\/v2\/users\/2"}],"replies":[{"embeddable":true,"href":"https:\/\/fcflenu.be\/index.php?rest_route=%2Fwp%2Fv2%2Fcomments&post=513"}],"version-history":[{"count":46,"href":"https:\/\/fcflenu.be\/index.php?rest_route=\/wp\/v2\/pages\/513\/revisions"}],"predecessor-version":[{"id":566,"href":"https:\/\/fcflenu.be\/index.php?rest_route=\/wp\/v2\/pages\/513\/revisions\/566"}],"wp:attachment":[{"href":"https:\/\/fcflenu.be\/index.php?rest_route=%2Fwp%2Fv2%2Fmedia&parent=513"}],"curies":[{"name":"wp","href":"https:\/\/api.w.org\/{rel}","templated":true}]}}